{"id":6484,"date":"2022-01-31T17:34:30","date_gmt":"2022-01-31T23:34:30","guid":{"rendered":"https:\/\/gestoresdelatransformacion.com\/V01\/?page_id=6484"},"modified":"2022-12-01T17:36:05","modified_gmt":"2022-12-01T23:36:05","slug":"escape-room","status":"publish","type":"page","link":"https:\/\/gestoresdelatransformacion.com\/V01\/escape-room\/","title":{"rendered":"Escape Rooms La Salle"},"content":{"rendered":"\t\t<div data-elementor-type=\"wp-page\" data-elementor-id=\"6484\" class=\"elementor elementor-6484\">\n\t\t\t\t\t\t<section class=\"elementor-section elementor-top-section elementor-element elementor-element-2917848f elementor-section-boxed elementor-section-height-default elementor-section-height-default\" data-id=\"2917848f\" data-element_type=\"section\">\n\t\t\t\t\t\t<div class=\"elementor-container elementor-column-gap-default\">\n\t\t\t\t\t<div class=\"elementor-column elementor-col-100 elementor-top-column elementor-element elementor-element-7a904b61\" data-id=\"7a904b61\" data-element_type=\"column\">\n\t\t\t<div class=\"elementor-widget-wrap elementor-element-populated\">\n\t\t\t\t\t\t<div class=\"elementor-element elementor-element-111e7d27 elementor-widget elementor-widget-text-editor\" data-id=\"111e7d27\" data-element_type=\"widget\" data-widget_type=\"text-editor.default\">\n\t\t\t\t<div class=\"elementor-widget-container\">\n\t\t\t\t\t\t\t\t\t<p><\/p>\n<p><b>Un espacio que te permitir\u00e1 solucionar problemas reales, enfocados en las causas que te apasionan.<\/b><\/p>\n<p><\/p>\n<p><\/p>\n<p>Aqu\u00ed encontrar\u00e1s una sala virtual por Licenciatura para que elijas la que m\u00e1s te interese. Dentro de cada sala hay tres cuartos de escape. En cada uno debes resolver un problema relacionado con la carrera que elegiste, y as\u00ed poder avanzar, s\u00f3lo cuentas con un tiempo determinado para lograrlo. Al t\u00e9rmino del desaf\u00edo recibir\u00e1s por correo tu puntuaci\u00f3n, as\u00ed como informaci\u00f3n sobre el programa que te interesa. No esperes m\u00e1s y atr\u00e9vete a jugar en un canal virtual lleno de diversi\u00f3n.<\/p>\n<p><\/p>\t\t\t\t\t\t\t\t<\/div>\n\t\t\t\t<\/div>\n\t\t\t\t\t<\/div>\n\t\t<\/div>\n\t\t\t\t\t<\/div>\n\t\t<\/section>\n\t\t\t\t<section class=\"elementor-section elementor-top-section elementor-element elementor-element-844b41b elementor-section-boxed elementor-section-height-default elementor-section-height-default\" data-id=\"844b41b\" data-element_type=\"section\">\n\t\t\t\t\t\t<div class=\"elementor-container elementor-column-gap-narrow\">\n\t\t\t\t\t<div class=\"elementor-column elementor-col-16 elementor-top-column elementor-element elementor-element-a0088a3\" data-id=\"a0088a3\" data-element_type=\"column\">\n\t\t\t<div class=\"elementor-widget-wrap elementor-element-populated\">\n\t\t\t\t\t\t<div class=\"elementor-element elementor-element-5560f94 elementor-widget elementor-widget-image\" data-id=\"5560f94\" data-element_type=\"widget\" data-widget_type=\"image.default\">\n\t\t\t\t<div class=\"elementor-widget-container\">\n\t\t\t\t\t\t\t\t\t\t\t\t\t\t\t\t<a href=\"https:\/\/gestoresdelatransformacion.com\/escaperoom\/ELECTRONICA\/\" target=\"_blank\">\n\t\t\t\t\t\t\t<img decoding=\"async\" width=\"288\" height=\"169\" src=\"https:\/\/gestoresdelatransformacion.com\/V01\/wp-content\/uploads\/2022\/02\/electronica.jpg\" class=\"attachment-full size-full wp-image-6507\" alt=\"\" \/>\t\t\t\t\t\t\t\t<\/a>\n\t\t\t\t\t\t\t\t\t\t\t\t\t\t\t<\/div>\n\t\t\t\t<\/div>\n\t\t\t\t\t<\/div>\n\t\t<\/div>\n\t\t\t\t<div class=\"elementor-column elementor-col-16 elementor-top-column elementor-element elementor-element-335a522\" data-id=\"335a522\" data-element_type=\"column\">\n\t\t\t<div class=\"elementor-widget-wrap elementor-element-populated\">\n\t\t\t\t\t\t<div class=\"elementor-element elementor-element-404409e elementor-widget elementor-widget-image\" data-id=\"404409e\" data-element_type=\"widget\" data-widget_type=\"image.default\">\n\t\t\t\t<div class=\"elementor-widget-container\">\n\t\t\t\t\t\t\t\t\t\t\t\t\t\t\t\t<a href=\"https:\/\/gestoresdelatransformacion.com\/escaperoom\/HUMANIDADES\/\" target=\"_blank\">\n\t\t\t\t\t\t\t<img decoding=\"async\" width=\"288\" height=\"169\" src=\"https:\/\/gestoresdelatransformacion.com\/V01\/wp-content\/uploads\/2022\/02\/humanidades.jpg\" class=\"attachment-full size-full wp-image-6508\" alt=\"\" \/>\t\t\t\t\t\t\t\t<\/a>\n\t\t\t\t\t\t\t\t\t\t\t\t\t\t\t<\/div>\n\t\t\t\t<\/div>\n\t\t\t\t\t<\/div>\n\t\t<\/div>\n\t\t\t\t<div class=\"elementor-column elementor-col-16 elementor-top-column elementor-element elementor-element-561ae78\" data-id=\"561ae78\" data-element_type=\"column\">\n\t\t\t<div class=\"elementor-widget-wrap elementor-element-populated\">\n\t\t\t\t\t\t<div class=\"elementor-element elementor-element-83b3618 elementor-widget elementor-widget-image\" data-id=\"83b3618\" data-element_type=\"widget\" data-widget_type=\"image.default\">\n\t\t\t\t<div class=\"elementor-widget-container\">\n\t\t\t\t\t\t\t\t\t\t\t\t\t\t\t\t<a href=\"https:\/\/gestoresdelatransformacion.com\/escaperoom\/ALIMENTOS\/\" target=\"_blank\">\n\t\t\t\t\t\t\t<img decoding=\"async\" width=\"288\" height=\"169\" src=\"https:\/\/gestoresdelatransformacion.com\/V01\/wp-content\/uploads\/2022\/02\/alimentos.jpg\" class=\"attachment-full size-full wp-image-6514\" alt=\"\" \/>\t\t\t\t\t\t\t\t<\/a>\n\t\t\t\t\t\t\t\t\t\t\t\t\t\t\t<\/div>\n\t\t\t\t<\/div>\n\t\t\t\t\t<\/div>\n\t\t<\/div>\n\t\t\t\t<div class=\"elementor-column elementor-col-16 elementor-top-column elementor-element elementor-element-75c5622\" data-id=\"75c5622\" data-element_type=\"column\">\n\t\t\t<div class=\"elementor-widget-wrap elementor-element-populated\">\n\t\t\t\t\t\t<div class=\"elementor-element elementor-element-b40887f elementor-widget elementor-widget-image\" data-id=\"b40887f\" data-element_type=\"widget\" data-widget_type=\"image.default\">\n\t\t\t\t<div class=\"elementor-widget-container\">\n\t\t\t\t\t\t\t\t\t\t\t\t\t\t\t\t<a href=\"https:\/\/gestoresdelatransformacion.com\/escaperoom\/CONTADURIA\/\" target=\"_blank\">\n\t\t\t\t\t\t\t<img loading=\"lazy\" decoding=\"async\" width=\"288\" height=\"169\" src=\"https:\/\/gestoresdelatransformacion.com\/V01\/wp-content\/uploads\/2022\/02\/contaduria.jpg\" class=\"attachment-full size-full wp-image-6510\" alt=\"\" \/>\t\t\t\t\t\t\t\t<\/a>\n\t\t\t\t\t\t\t\t\t\t\t\t\t\t\t<\/div>\n\t\t\t\t<\/div>\n\t\t\t\t\t<\/div>\n\t\t<\/div>\n\t\t\t\t<div class=\"elementor-column elementor-col-16 elementor-top-column elementor-element elementor-element-8f143d5\" data-id=\"8f143d5\" data-element_type=\"column\">\n\t\t\t<div class=\"elementor-widget-wrap elementor-element-populated\">\n\t\t\t\t\t\t<div class=\"elementor-element elementor-element-b332037 elementor-widget elementor-widget-image\" data-id=\"b332037\" data-element_type=\"widget\" data-widget_type=\"image.default\">\n\t\t\t\t<div class=\"elementor-widget-container\">\n\t\t\t\t\t\t\t\t\t\t\t\t\t\t\t\t<a href=\"https:\/\/gestoresdelatransformacion.com\/escaperoom\/ENFERMERIA\/\" target=\"_blank\">\n\t\t\t\t\t\t\t<img loading=\"lazy\" decoding=\"async\" width=\"288\" height=\"169\" src=\"https:\/\/gestoresdelatransformacion.com\/V01\/wp-content\/uploads\/2022\/02\/enfermeria.jpg\" class=\"attachment-full size-full wp-image-6509\" alt=\"\" \/>\t\t\t\t\t\t\t\t<\/a>\n\t\t\t\t\t\t\t\t\t\t\t\t\t\t\t<\/div>\n\t\t\t\t<\/div>\n\t\t\t\t\t<\/div>\n\t\t<\/div>\n\t\t\t\t<div class=\"elementor-column elementor-col-16 elementor-top-column elementor-element elementor-element-57d0e55\" data-id=\"57d0e55\" data-element_type=\"column\">\n\t\t\t<div class=\"elementor-widget-wrap elementor-element-populated\">\n\t\t\t\t\t\t<div class=\"elementor-element elementor-element-b573cc0 elementor-widget elementor-widget-image\" data-id=\"b573cc0\" data-element_type=\"widget\" data-widget_type=\"image.default\">\n\t\t\t\t<div class=\"elementor-widget-container\">\n\t\t\t\t\t\t\t\t\t\t\t\t\t\t\t\t<a href=\"https:\/\/gestoresdelatransformacion.com\/escaperoom\/FCQ\/\" target=\"_blank\">\n\t\t\t\t\t\t\t<img loading=\"lazy\" decoding=\"async\" width=\"288\" height=\"169\" src=\"https:\/\/gestoresdelatransformacion.com\/V01\/wp-content\/uploads\/2022\/02\/qfb.jpg\" class=\"attachment-full size-full wp-image-6512\" alt=\"\" \/>\t\t\t\t\t\t\t\t<\/a>\n\t\t\t\t\t\t\t\t\t\t\t\t\t\t\t<\/div>\n\t\t\t\t<\/div>\n\t\t\t\t\t<\/div>\n\t\t<\/div>\n\t\t\t\t\t<\/div>\n\t\t<\/section>\n\t\t\t\t<section class=\"elementor-section elementor-top-section elementor-element elementor-element-fcffbbb elementor-section-boxed elementor-section-height-default elementor-section-height-default\" data-id=\"fcffbbb\" data-element_type=\"section\">\n\t\t\t\t\t\t<div class=\"elementor-container elementor-column-gap-narrow\">\n\t\t\t\t\t<div class=\"elementor-column elementor-col-16 elementor-top-column elementor-element elementor-element-8cda4a2\" data-id=\"8cda4a2\" data-element_type=\"column\">\n\t\t\t<div class=\"elementor-widget-wrap elementor-element-populated\">\n\t\t\t\t\t\t<div class=\"elementor-element elementor-element-f54258a elementor-widget elementor-widget-image\" data-id=\"f54258a\" data-element_type=\"widget\" data-widget_type=\"image.default\">\n\t\t\t\t<div class=\"elementor-widget-container\">\n\t\t\t\t\t\t\t\t\t\t\t\t\t\t\t\t<a href=\"https:\/\/gestoresdelatransformacion.com\/escaperoom\/ADMINISTRACION\/\" target=\"_blank\">\n\t\t\t\t\t\t\t<img loading=\"lazy\" decoding=\"async\" width=\"288\" height=\"169\" src=\"https:\/\/gestoresdelatransformacion.com\/V01\/wp-content\/uploads\/2022\/11\/admin.jpg\" class=\"attachment-full size-full wp-image-6926\" alt=\"\" \/>\t\t\t\t\t\t\t\t<\/a>\n\t\t\t\t\t\t\t\t\t\t\t\t\t\t\t<\/div>\n\t\t\t\t<\/div>\n\t\t\t\t\t<\/div>\n\t\t<\/div>\n\t\t\t\t<div class=\"elementor-column elementor-col-16 elementor-top-column elementor-element elementor-element-db33d39\" data-id=\"db33d39\" data-element_type=\"column\">\n\t\t\t<div class=\"elementor-widget-wrap elementor-element-populated\">\n\t\t\t\t\t\t<div class=\"elementor-element elementor-element-a3cbe53 elementor-widget elementor-widget-image\" data-id=\"a3cbe53\" data-element_type=\"widget\" data-widget_type=\"image.default\">\n\t\t\t\t<div class=\"elementor-widget-container\">\n\t\t\t\t\t\t\t\t\t\t\t\t\t\t\t\t<a href=\"https:\/\/gestoresdelatransformacion.com\/escaperoom\/COMUNICACION\" target=\"_blank\">\n\t\t\t\t\t\t\t<img loading=\"lazy\" decoding=\"async\" width=\"288\" height=\"169\" src=\"https:\/\/gestoresdelatransformacion.com\/V01\/wp-content\/uploads\/2022\/02\/comunicacion.jpg\" class=\"attachment-full size-full wp-image-6511\" alt=\"\" \/>\t\t\t\t\t\t\t\t<\/a>\n\t\t\t\t\t\t\t\t\t\t\t\t\t\t\t<\/div>\n\t\t\t\t<\/div>\n\t\t\t\t\t<\/div>\n\t\t<\/div>\n\t\t\t\t<div class=\"elementor-column elementor-col-16 elementor-top-column elementor-element elementor-element-94156d9\" data-id=\"94156d9\" data-element_type=\"column\">\n\t\t\t<div class=\"elementor-widget-wrap elementor-element-populated\">\n\t\t\t\t\t\t<div class=\"elementor-element elementor-element-1627bae elementor-widget elementor-widget-image\" data-id=\"1627bae\" data-element_type=\"widget\" data-widget_type=\"image.default\">\n\t\t\t\t<div class=\"elementor-widget-container\">\n\t\t\t\t\t\t\t\t\t\t\t\t\t\t\t\t<a href=\"https:\/\/gestoresdelatransformacion.com\/escaperoom\/INFORMACION\/\" target=\"_blank\">\n\t\t\t\t\t\t\t<img loading=\"lazy\" decoding=\"async\" width=\"288\" height=\"169\" src=\"https:\/\/gestoresdelatransformacion.com\/V01\/wp-content\/uploads\/2022\/02\/informacion.jpg\" class=\"attachment-full size-full wp-image-6519\" alt=\"\" \/>\t\t\t\t\t\t\t\t<\/a>\n\t\t\t\t\t\t\t\t\t\t\t\t\t\t\t<\/div>\n\t\t\t\t<\/div>\n\t\t\t\t\t<\/div>\n\t\t<\/div>\n\t\t\t\t<div class=\"elementor-column elementor-col-16 elementor-top-column elementor-element elementor-element-2c8e5b0\" data-id=\"2c8e5b0\" data-element_type=\"column\">\n\t\t\t<div class=\"elementor-widget-wrap elementor-element-populated\">\n\t\t\t\t\t\t<div class=\"elementor-element elementor-element-3fd4f65 elementor-widget elementor-widget-image\" data-id=\"3fd4f65\" data-element_type=\"widget\" data-widget_type=\"image.default\">\n\t\t\t\t<div class=\"elementor-widget-container\">\n\t\t\t\t\t\t\t\t\t\t\t\t\t\t\t\t<a href=\"https:\/\/gestoresdelatransformacion.com\/escaperoom\/CIVIL\/\" target=\"_blank\">\n\t\t\t\t\t\t\t<img loading=\"lazy\" decoding=\"async\" width=\"288\" height=\"169\" src=\"https:\/\/gestoresdelatransformacion.com\/V01\/wp-content\/uploads\/2022\/02\/civil.jpg\" class=\"attachment-full size-full wp-image-6515\" alt=\"\" \/>\t\t\t\t\t\t\t\t<\/a>\n\t\t\t\t\t\t\t\t\t\t\t\t\t\t\t<\/div>\n\t\t\t\t<\/div>\n\t\t\t\t\t<\/div>\n\t\t<\/div>\n\t\t\t\t<div class=\"elementor-column elementor-col-16 elementor-top-column elementor-element elementor-element-800bc67\" data-id=\"800bc67\" data-element_type=\"column\">\n\t\t\t<div class=\"elementor-widget-wrap elementor-element-populated\">\n\t\t\t\t\t\t<div class=\"elementor-element elementor-element-93f4b50 elementor-widget elementor-widget-image\" data-id=\"93f4b50\" data-element_type=\"widget\" data-widget_type=\"image.default\">\n\t\t\t\t<div class=\"elementor-widget-container\">\n\t\t\t\t\t\t\t\t\t\t\t\t\t\t\t\t<a href=\"https:\/\/gestoresdelatransformacion.com\/escaperoom\/AMBIENTAL\/\" target=\"_blank\">\n\t\t\t\t\t\t\t<img loading=\"lazy\" decoding=\"async\" width=\"288\" height=\"169\" src=\"https:\/\/gestoresdelatransformacion.com\/V01\/wp-content\/uploads\/2022\/02\/ambiental.jpg\" class=\"attachment-full size-full wp-image-6516\" alt=\"\" \/>\t\t\t\t\t\t\t\t<\/a>\n\t\t\t\t\t\t\t\t\t\t\t\t\t\t\t<\/div>\n\t\t\t\t<\/div>\n\t\t\t\t\t<\/div>\n\t\t<\/div>\n\t\t\t\t<div class=\"elementor-column elementor-col-16 elementor-top-column elementor-element elementor-element-579d3df\" data-id=\"579d3df\" data-element_type=\"column\">\n\t\t\t<div class=\"elementor-widget-wrap elementor-element-populated\">\n\t\t\t\t\t\t<div class=\"elementor-element elementor-element-9e6347d elementor-widget elementor-widget-image\" data-id=\"9e6347d\" data-element_type=\"widget\" data-widget_type=\"image.default\">\n\t\t\t\t<div class=\"elementor-widget-container\">\n\t\t\t\t\t\t\t\t\t\t\t\t\t\t\t\t<a href=\"https:\/\/gestoresdelatransformacion.com\/escaperoom\/DERECHO\/\" target=\"_blank\">\n\t\t\t\t\t\t\t<img loading=\"lazy\" decoding=\"async\" width=\"288\" height=\"169\" src=\"https:\/\/gestoresdelatransformacion.com\/V01\/wp-content\/uploads\/2022\/02\/derecho.jpg\" class=\"attachment-full size-full wp-image-6513\" alt=\"\" \/>\t\t\t\t\t\t\t\t<\/a>\n\t\t\t\t\t\t\t\t\t\t\t\t\t\t\t<\/div>\n\t\t\t\t<\/div>\n\t\t\t\t\t<\/div>\n\t\t<\/div>\n\t\t\t\t\t<\/div>\n\t\t<\/section>\n\t\t\t\t<section class=\"elementor-section elementor-top-section elementor-element elementor-element-c29a471 elementor-section-boxed elementor-section-height-default elementor-section-height-default\" data-id=\"c29a471\" data-element_type=\"section\">\n\t\t\t\t\t\t<div class=\"elementor-container elementor-column-gap-narrow\">\n\t\t\t\t\t<div class=\"elementor-column elementor-col-16 elementor-top-column elementor-element elementor-element-f26976f\" data-id=\"f26976f\" data-element_type=\"column\">\n\t\t\t<div class=\"elementor-widget-wrap elementor-element-populated\">\n\t\t\t\t\t\t<div class=\"elementor-element elementor-element-47f37b7 elementor-widget elementor-widget-image\" data-id=\"47f37b7\" data-element_type=\"widget\" data-widget_type=\"image.default\">\n\t\t\t\t<div class=\"elementor-widget-container\">\n\t\t\t\t\t\t\t\t\t\t\t\t\t\t\t\t<a href=\"https:\/\/gestoresdelatransformacion.com\/escaperoom\/MECATRONICA\/\" target=\"_blank\">\n\t\t\t\t\t\t\t<img loading=\"lazy\" decoding=\"async\" width=\"288\" height=\"169\" src=\"https:\/\/gestoresdelatransformacion.com\/V01\/wp-content\/uploads\/2022\/12\/mecatronica.jpg\" class=\"attachment-full size-full wp-image-6938\" alt=\"\" \/>\t\t\t\t\t\t\t\t<\/a>\n\t\t\t\t\t\t\t\t\t\t\t\t\t\t\t<\/div>\n\t\t\t\t<\/div>\n\t\t\t\t\t<\/div>\n\t\t<\/div>\n\t\t\t\t<div class=\"elementor-column elementor-col-16 elementor-top-column elementor-element elementor-element-632712a\" data-id=\"632712a\" data-element_type=\"column\">\n\t\t\t<div class=\"elementor-widget-wrap elementor-element-populated\">\n\t\t\t\t\t\t<div class=\"elementor-element elementor-element-c4065fe elementor-widget elementor-widget-image\" data-id=\"c4065fe\" data-element_type=\"widget\" data-widget_type=\"image.default\">\n\t\t\t\t<div class=\"elementor-widget-container\">\n\t\t\t\t\t\t\t\t\t\t\t\t\t\t\t\t<a href=\"https:\/\/gestoresdelatransformacion.com\/escaperoom\/MERCADOTECNIA\/\" target=\"_blank\">\n\t\t\t\t\t\t\t<img loading=\"lazy\" decoding=\"async\" width=\"288\" height=\"169\" src=\"https:\/\/gestoresdelatransformacion.com\/V01\/wp-content\/uploads\/2022\/11\/mercadotecnia.jpg\" class=\"attachment-full size-full wp-image-6927\" alt=\"\" \/>\t\t\t\t\t\t\t\t<\/a>\n\t\t\t\t\t\t\t\t\t\t\t\t\t\t\t<\/div>\n\t\t\t\t<\/div>\n\t\t\t\t\t<\/div>\n\t\t<\/div>\n\t\t\t\t<div class=\"elementor-column elementor-col-16 elementor-top-column elementor-element elementor-element-c6162ca\" data-id=\"c6162ca\" data-element_type=\"column\">\n\t\t\t<div class=\"elementor-widget-wrap elementor-element-populated\">\n\t\t\t\t\t\t<div class=\"elementor-element elementor-element-0f09c50 elementor-widget elementor-widget-image\" data-id=\"0f09c50\" data-element_type=\"widget\" data-widget_type=\"image.default\">\n\t\t\t\t<div class=\"elementor-widget-container\">\n\t\t\t\t\t\t\t\t\t\t\t\t\t\t\t\t<a href=\"https:\/\/gestoresdelatransformacion.com\/escaperoom\/FILOSOFIA\/\">\n\t\t\t\t\t\t\t<img loading=\"lazy\" decoding=\"async\" width=\"288\" height=\"169\" src=\"https:\/\/gestoresdelatransformacion.com\/V01\/wp-content\/uploads\/2022\/12\/filosofia.jpg\" class=\"attachment-large size-large wp-image-6937\" alt=\"\" \/>\t\t\t\t\t\t\t\t<\/a>\n\t\t\t\t\t\t\t\t\t\t\t\t\t\t\t<\/div>\n\t\t\t\t<\/div>\n\t\t\t\t\t<\/div>\n\t\t<\/div>\n\t\t\t\t<div class=\"elementor-column elementor-col-16 elementor-top-column elementor-element elementor-element-125d1fe\" data-id=\"125d1fe\" data-element_type=\"column\">\n\t\t\t<div class=\"elementor-widget-wrap elementor-element-populated\">\n\t\t\t\t\t\t<div class=\"elementor-element elementor-element-8233ac3 elementor-widget elementor-widget-image\" data-id=\"8233ac3\" data-element_type=\"widget\" data-widget_type=\"image.default\">\n\t\t\t\t<div class=\"elementor-widget-container\">\n\t\t\t\t\t\t\t\t\t\t\t\t\t\t\t\t<a href=\"https:\/\/gestoresdelatransformacion.com\/escaperoom\/INDUSTRIAL\/\">\n\t\t\t\t\t\t\t<img loading=\"lazy\" decoding=\"async\" width=\"288\" height=\"169\" src=\"https:\/\/gestoresdelatransformacion.com\/V01\/wp-content\/uploads\/2022\/12\/industrial.jpg\" class=\"attachment-large size-large wp-image-6936\" alt=\"\" \/>\t\t\t\t\t\t\t\t<\/a>\n\t\t\t\t\t\t\t\t\t\t\t\t\t\t\t<\/div>\n\t\t\t\t<\/div>\n\t\t\t\t\t<\/div>\n\t\t<\/div>\n\t\t\t\t<div class=\"elementor-column elementor-col-16 elementor-top-column elementor-element elementor-element-dc74b3a\" data-id=\"dc74b3a\" data-element_type=\"column\">\n\t\t\t<div class=\"elementor-widget-wrap elementor-element-populated\">\n\t\t\t\t\t\t<div class=\"elementor-element elementor-element-4d03a5f elementor-widget elementor-widget-image\" data-id=\"4d03a5f\" data-element_type=\"widget\" data-widget_type=\"image.default\">\n\t\t\t\t<div class=\"elementor-widget-container\">\n\t\t\t\t\t\t\t\t\t\t\t\t\t\t\t\t<a href=\"https:\/\/gestoresdelatransformacion.com\/escaperoom\/PREPA\/\" target=\"_blank\">\n\t\t\t\t\t\t\t<img loading=\"lazy\" decoding=\"async\" width=\"288\" height=\"169\" src=\"https:\/\/gestoresdelatransformacion.com\/V01\/wp-content\/uploads\/2022\/04\/prepa.jpg\" class=\"attachment-large size-large wp-image-6912\" alt=\"\" \/>\t\t\t\t\t\t\t\t<\/a>\n\t\t\t\t\t\t\t\t\t\t\t\t\t\t\t<\/div>\n\t\t\t\t<\/div>\n\t\t\t\t\t<\/div>\n\t\t<\/div>\n\t\t\t\t<div class=\"elementor-column elementor-col-16 elementor-top-column elementor-element elementor-element-9608568\" data-id=\"9608568\" data-element_type=\"column\">\n\t\t\t<div class=\"elementor-widget-wrap\">\n\t\t\t\t\t\t\t<\/div>\n\t\t<\/div>\n\t\t\t\t\t<\/div>\n\t\t<\/section>\n\t\t\t\t<section class=\"elementor-section elementor-top-section elementor-element elementor-element-5d877d6 elementor-section-boxed elementor-section-height-default elementor-section-height-default\" data-id=\"5d877d6\" data-element_type=\"section\">\n\t\t\t\t\t\t<div class=\"elementor-container elementor-column-gap-default\">\n\t\t\t\t\t<div class=\"elementor-column elementor-col-100 elementor-top-column elementor-element elementor-element-d62682a\" data-id=\"d62682a\" data-element_type=\"column\">\n\t\t\t<div class=\"elementor-widget-wrap\">\n\t\t\t\t\t\t\t<\/div>\n\t\t<\/div>\n\t\t\t\t\t<\/div>\n\t\t<\/section>\n\t\t\t\t<section class=\"elementor-section elementor-top-section elementor-element elementor-element-c6ca119 elementor-section-boxed elementor-section-height-default elementor-section-height-default\" data-id=\"c6ca119\" data-element_type=\"section\">\n\t\t\t\t\t\t<div class=\"elementor-container elementor-column-gap-default\">\n\t\t\t\t\t<div class=\"elementor-column elementor-col-100 elementor-top-column elementor-element elementor-element-c609967\" data-id=\"c609967\" data-element_type=\"column\">\n\t\t\t<div class=\"elementor-widget-wrap\">\n\t\t\t\t\t\t\t<\/div>\n\t\t<\/div>\n\t\t\t\t\t<\/div>\n\t\t<\/section>\n\t\t\t\t<\/div>\n\t\t","protected":false},"excerpt":{"rendered":"<p>Un espacio que te permitir\u00e1 solucionar problemas reales, enfocados en las causas que te apasionan. Aqu\u00ed encontrar\u00e1s una sala virtual por Licenciatura para que elijas la que m\u00e1s te interese. Dentro de cada sala hay tres cuartos de escape. En cada uno debes resolver un problema relacionado con la carrera que elegiste, y as\u00ed poder [&hellip;]<\/p>\n","protected":false},"author":1,"featured_media":0,"parent":0,"menu_order":0,"comment_status":"closed","ping_status":"closed","template":"","meta":{"om_disable_all_campaigns":false,"footnotes":""},"class_list":["post-6484","page","type-page","status-publish","hentry"],"aioseo_notices":[],"_links":{"self":[{"href":"https:\/\/gestoresdelatransformacion.com\/V01\/wp-json\/wp\/v2\/pages\/6484","targetHints":{"allow":["GET"]}}],"collection":[{"href":"https:\/\/gestoresdelatransformacion.com\/V01\/wp-json\/wp\/v2\/pages"}],"about":[{"href":"https:\/\/gestoresdelatransformacion.com\/V01\/wp-json\/wp\/v2\/types\/page"}],"author":[{"embeddable":true,"href":"https:\/\/gestoresdelatransformacion.com\/V01\/wp-json\/wp\/v2\/users\/1"}],"replies":[{"embeddable":true,"href":"https:\/\/gestoresdelatransformacion.com\/V01\/wp-json\/wp\/v2\/comments?post=6484"}],"version-history":[{"count":44,"href":"https:\/\/gestoresdelatransformacion.com\/V01\/wp-json\/wp\/v2\/pages\/6484\/revisions"}],"predecessor-version":[{"id":6945,"href":"https:\/\/gestoresdelatransformacion.com\/V01\/wp-json\/wp\/v2\/pages\/6484\/revisions\/6945"}],"wp:attachment":[{"href":"https:\/\/gestoresdelatransformacion.com\/V01\/wp-json\/wp\/v2\/media?parent=6484"}],"curies":[{"name":"wp","href":"https:\/\/api.w.org\/{rel}","templated":true}]}}